{"id":2078,"date":"2023-05-18T00:37:44","date_gmt":"2023-05-18T04:37:44","guid":{"rendered":"https:\/\/electrica.umsa.edu.bo\/?page_id=2078"},"modified":"2023-05-31T02:59:53","modified_gmt":"2023-05-31T06:59:53","slug":"resoluciones-2","status":"publish","type":"page","link":"https:\/\/electrica.umsa.edu.bo\/?page_id=2078","title":{"rendered":"Resoluciones"},"content":{"rendered":"\t\t<div data-elementor-type=\"wp-page\" data-elementor-id=\"2078\" class=\"elementor elementor-2078\">\n\t\t\t\t\t\t<div class=\"elementor-inner\">\n\t\t\t\t<div class=\"elementor-section-wrap\">\n\t\t\t\t\t\t\t\t\t<section class=\"elementor-section elementor-top-section elementor-element elementor-element-14dc1fd elementor-section-boxed elementor-section-height-default elementor-section-height-default\" data-id=\"14dc1fd\" data-element_type=\"section\">\n\t\t\t\t\t\t<div class=\"elementor-container elementor-column-gap-default\">\n\t\t\t\t\t\t\t<div class=\"elementor-row\">\n\t\t\t\t\t<div class=\"elementor-column elementor-col-100 elementor-top-column elementor-element elementor-element-d8025f5\" data-id=\"d8025f5\" data-element_type=\"column\">\n\t\t\t<div class=\"elementor-column-wrap elementor-element-populated\">\n\t\t\t\t\t\t\t<div class=\"elementor-widget-wrap\">\n\t\t\t\t\t\t\t\t<\/div>\n\t\t\t\t\t<\/div>\n\t\t<\/div>\n\t\t\t\t\t\t\t\t<\/div>\n\t\t\t\t\t<\/div>\n\t\t<\/section>\n\t\t\t\t<section class=\"elementor-section elementor-top-section elementor-element elementor-element-6c0dcbc elementor-section-boxed elementor-section-height-default elementor-section-height-default\" data-id=\"6c0dcbc\" data-element_type=\"section\">\n\t\t\t\t\t\t<div class=\"elementor-container elementor-column-gap-default\">\n\t\t\t\t\t\t\t<div class=\"elementor-row\">\n\t\t\t\t\t<div class=\"elementor-column elementor-col-100 elementor-top-column elementor-element elementor-element-9fb7b2d\" data-id=\"9fb7b2d\" data-element_type=\"column\">\n\t\t\t<div class=\"elementor-column-wrap elementor-element-populated\">\n\t\t\t\t\t\t\t<div class=\"elementor-widget-wrap\">\n\t\t\t\t\t\t<div class=\"elementor-element elementor-element-160326f elementor-widget elementor-widget-text-editor\" data-id=\"160326f\" data-element_type=\"widget\" data-widget_type=\"text-editor.default\">\n\t\t\t\t<div class=\"elementor-widget-container\">\n\t\t\t\t\t\t\t\t<div class=\"elementor-text-editor elementor-clearfix\">\n\t\t\t\t<p><!-- wp:file {\"id\":1345,\"href\":\"https:\/\/electrica.umsa.edu.bo\/wp-content\/uploads\/2023\/05\/N-CONV.-DOCENTES-CONTRATADOS-2022.pdf\"} --><\/p><p class=\"wp-block-file\"><a href=\"https:\/\/electrica.umsa.edu.bo\/wp-content\/uploads\/2023\/05\/6-CONFORMACION-COMISION-AUXILIARES-DE-INVESTIGACION.pdf\">RESOLUCI\u00d3N N\u00b0006\/2023 &#8211;\u00a0 EVALUACI\u00d3N DE M\u00c9RITOS PARA AUXILIARES DE INVESTIGACI\u00d3N 2023 <\/a><a class=\"wp-block-file__button\" href=\"https:\/\/electrica.umsa.edu.bo\/wp-content\/uploads\/2023\/05\/6-CONFORMACION-COMISION-AUXILIARES-DE-INVESTIGACION.pdf\" target=\"_blank\" rel=\"noopener\" download=\"\">Descargar<\/a><\/p><p><!-- \/wp:file --><!-- wp:file {\"id\":1347,\"href\":\"http:\/\/electrica.umsa.edu.bo\/wp-content\/uploads\/2020\/11\/Convocatoria-Docentes-Contratados.pdf\"} --><\/p><p><!-- \/wp:file --><!-- wp:file {\"id\":1364,\"href\":\"http:\/\/electrica.umsa.edu.bo\/wp-content\/uploads\/2020\/12\/InformeComisionMeritos.pdf\"} --><!-- \/wp:file --><\/p>\t\t\t\t\t<\/div>\n\t\t\t\t\t\t<\/div>\n\t\t\t\t<\/div>\n\t\t\t\t\t\t<\/div>\n\t\t\t\t\t<\/div>\n\t\t<\/div>\n\t\t\t\t\t\t\t\t<\/div>\n\t\t\t\t\t<\/div>\n\t\t<\/section>\n\t\t\t\t\t\t\t\t\t<\/div>\n\t\t\t<\/div>\n\t\t\t\t\t<\/div>\n\t\t","protected":false},"excerpt":{"rendered":"","protected":false},"author":5,"featured_media":0,"parent":0,"menu_order":0,"comment_status":"closed","ping_status":"closed","template":"","meta":{"site-sidebar-layout":"no-sidebar","site-content-layout":"page-builder","ast-global-header-display":"","ast-banner-title-visibility":"","ast-main-header-display":"","ast-hfb-above-header-display":"","ast-hfb-below-header-display":"","ast-hfb-mobile-header-display":"","site-post-title":"disabled","ast-breadcrumbs-content":"","ast-featured-img":"disabled","footer-sml-layout":"","theme-transparent-header-meta":"default","adv-header-id-meta":"","stick-header-meta":"","header-above-stick-meta":"","header-main-stick-meta":"","header-below-stick-meta":""},"_links":{"self":[{"href":"https:\/\/electrica.umsa.edu.bo\/index.php?rest_route=\/wp\/v2\/pages\/2078"}],"collection":[{"href":"https:\/\/electrica.umsa.edu.bo\/index.php?rest_route=\/wp\/v2\/pages"}],"about":[{"href":"https:\/\/electrica.umsa.edu.bo\/index.php?rest_route=\/wp\/v2\/types\/page"}],"author":[{"embeddable":true,"href":"https:\/\/electrica.umsa.edu.bo\/index.php?rest_route=\/wp\/v2\/users\/5"}],"replies":[{"embeddable":true,"href":"https:\/\/electrica.umsa.edu.bo\/index.php?rest_route=%2Fwp%2Fv2%2Fcomments&post=2078"}],"version-history":[{"count":15,"href":"https:\/\/electrica.umsa.edu.bo\/index.php?rest_route=\/wp\/v2\/pages\/2078\/revisions"}],"predecessor-version":[{"id":3363,"href":"https:\/\/electrica.umsa.edu.bo\/index.php?rest_route=\/wp\/v2\/pages\/2078\/revisions\/3363"}],"wp:attachment":[{"href":"https:\/\/electrica.umsa.edu.bo\/index.php?rest_route=%2Fwp%2Fv2%2Fmedia&parent=2078"}],"curies":[{"name":"wp","href":"https:\/\/api.w.org\/{rel}","templated":true}]}}