{"id":2222,"date":"2023-05-18T21:29:36","date_gmt":"2023-05-19T01:29:36","guid":{"rendered":"https:\/\/electrica.umsa.edu.bo\/?page_id=2222"},"modified":"2023-05-28T21:15:29","modified_gmt":"2023-05-29T01:15:29","slug":"mision-vision-3","status":"publish","type":"page","link":"https:\/\/electrica.umsa.edu.bo\/?page_id=2222","title":{"rendered":"Misi\u00f3n &#8211; Visi\u00f3n"},"content":{"rendered":"\t\t<div data-elementor-type=\"wp-page\" data-elementor-id=\"2222\" class=\"elementor elementor-2222\">\n\t\t\t\t\t\t<div class=\"elementor-inner\">\n\t\t\t\t<div class=\"elementor-section-wrap\">\n\t\t\t\t\t\t\t\t\t<section class=\"elementor-section elementor-top-section elementor-element elementor-element-bb88ab6 elementor-section-boxed elementor-section-height-default elementor-section-height-default\" data-id=\"bb88ab6\" data-element_type=\"section\">\n\t\t\t\t\t\t<div class=\"elementor-container elementor-column-gap-default\">\n\t\t\t\t\t\t\t<div class=\"elementor-row\">\n\t\t\t\t\t<div class=\"elementor-column elementor-col-100 elementor-top-column elementor-element elementor-element-a5b2990\" data-id=\"a5b2990\" data-element_type=\"column\">\n\t\t\t<div class=\"elementor-column-wrap elementor-element-populated\">\n\t\t\t\t\t\t\t<div class=\"elementor-widget-wrap\">\n\t\t\t\t\t\t\t\t<\/div>\n\t\t\t\t\t<\/div>\n\t\t<\/div>\n\t\t\t\t\t\t\t\t<\/div>\n\t\t\t\t\t<\/div>\n\t\t<\/section>\n\t\t\t\t<section class=\"elementor-section elementor-top-section elementor-element elementor-element-12d5300 elementor-section-full_width elementor-section-stretched elementor-section-height-default elementor-section-height-default\" data-id=\"12d5300\" data-element_type=\"section\" data-settings=\"{&quot;stretch_section&quot;:&quot;section-stretched&quot;,&quot;background_background&quot;:&quot;classic&quot;}\">\n\t\t\t\t\t\t<div class=\"elementor-container elementor-column-gap-default\">\n\t\t\t\t\t\t\t<div class=\"elementor-row\">\n\t\t\t\t\t<div class=\"elementor-column elementor-col-100 elementor-top-column elementor-element elementor-element-19e17cf\" data-id=\"19e17cf\" data-element_type=\"column\">\n\t\t\t<div class=\"elementor-column-wrap elementor-element-populated\">\n\t\t\t\t\t\t\t<div class=\"elementor-widget-wrap\">\n\t\t\t\t\t\t<div class=\"elementor-element elementor-element-8b7ef12 elementor-widget elementor-widget-heading\" data-id=\"8b7ef12\" data-element_type=\"widget\" data-widget_type=\"heading.default\">\n\t\t\t\t<div class=\"elementor-widget-container\">\n\t\t\t<h1 class=\"elementor-heading-title elementor-size-default\">Misi\u00f3n<\/h1>\t\t<\/div>\n\t\t\t\t<\/div>\n\t\t\t\t<div class=\"elementor-element elementor-element-b38641d elementor-widget__width-initial elementor-widget elementor-widget-text-editor\" data-id=\"b38641d\" data-element_type=\"widget\" data-widget_type=\"text-editor.default\">\n\t\t\t\t<div class=\"elementor-widget-container\">\n\t\t\t\t\t\t\t\t<div class=\"elementor-text-editor elementor-clearfix\">\n\t\t\t\t<p class=\"MsoNormal\" style=\"text-align: center;\" align=\"center\"><span style=\"font-family: 'Calibri Light', sans-serif; color: #ffffff;\">LA CARRERA DE INGENIER\u00cdA EL\u00c9CTRICA TIENE POR MISI\u00d3N<br>TRANSMITIR CONOCIMIENTOS Y FORMAR A LOS FUTUROS INGENIEROS ELECTRICISTAS DE<br>RECONOCIDA CALIDAD Y EXCELENCIA ACAD\u00c9MICA EN LOS NIVELES DE GRADO Y POSTGRADO;<br>INNOVADORES CON CAPACIDAD DE INVESTIGACI\u00d3N, CREACI\u00d3N Y APLICACI\u00d3N DEL<br>CONOCIMIENTO, TANTO EN GENERACI\u00d3N, TRANSMISI\u00d3N, DISTRIBUCI\u00d3N Y USO FINAL DE LA<br>ENERG\u00cdA EL\u00c9CTRICA; CON VOCACI\u00d3N DE LIDERAZGO INTELECTUAL Y SOCIAL; CON<br>CAPACIDAD DE RESPONDER A LAS NECESIDADES DEL DESARROLLO ENERG\u00c9TICO A NIVEL<br>NACIONAL Y REGIONAL; CON CONCIENCIA SOCIAL Y ACTIVO DEFENSOR DE LOS RECURSOS NATURALES, EN EL MARCO DE LOS PRINCIPIOS ESTABLECIDOS POR LA UNIVERSIDAD MAYOR DE SAN<br>ANDR\u00c9S Y CON PROYECCI\u00d3N AL PROTAGONISMO INTERNACIONAL.<\/span><\/p>\t\t\t\t\t<\/div>\n\t\t\t\t\t\t<\/div>\n\t\t\t\t<\/div>\n\t\t\t\t<div class=\"elementor-element elementor-element-41d146b elementor-widget elementor-widget-heading\" data-id=\"41d146b\" data-element_type=\"widget\" data-widget_type=\"heading.default\">\n\t\t\t\t<div class=\"elementor-widget-container\">\n\t\t\t<h2 class=\"elementor-heading-title elementor-size-default\"><h1 class=\"elementor-heading-title elementor-size-default elementor-inline-editing pen\" data-elementor-setting-key=\"title\" data-pen-placeholder=\"Teclea aqu\u00ed...\" style=\"font-style: normal; font-weight: var( --e-global-typography-primary-font-weight ); color: rgb(255, 255, 255); font-family: var( --e-global-typography-primary-font-family ), Sans-serif; text-align: center;\">Visi\u00f3n<\/h1><\/h2>\t\t<\/div>\n\t\t\t\t<\/div>\n\t\t\t\t<div class=\"elementor-element elementor-element-a87713b elementor-widget__width-initial elementor-widget elementor-widget-text-editor\" data-id=\"a87713b\" data-element_type=\"widget\" data-widget_type=\"text-editor.default\">\n\t\t\t\t<div class=\"elementor-widget-container\">\n\t\t\t\t\t\t\t\t<div class=\"elementor-text-editor elementor-clearfix\">\n\t\t\t\t<p style=\"text-align: center;\"><span style=\"color: #ffffff; font-family: 'Calibri Light', sans-serif; font-size: 19px; text-align: center;\">LA CARRERA DE INGENIER\u00cdA EL\u00c9CTRICA, BUSCA LA CALIDAD ACAD\u00c9MICA Y CIENT\u00cdFICA EN EL PREGRADO Y POSGRADO; INTEGRADA A LA COMUNIDAD ACAD\u00c9MICA NACIONAL E INTERNACIONAL; COMPROMETIDA CON LA SOCIEDAD BOLIVIANA URBANA Y RURAL A FIN DE SATISFACER SU NECESIDAD DE ENERG\u00cdA EL\u00c9CTRICA, CON SOLIDARIDAD, RECONOCIMIENTO DE LA DIVERSIDAD, B\u00daSQUEDA DE LA MEJORA CONTINUA, CREATIVIDAD E INNOVACI\u00d3N.<\/span><\/p>\t\t\t\t\t<\/div>\n\t\t\t\t\t\t<\/div>\n\t\t\t\t<\/div>\n\t\t\t\t\t\t<\/div>\n\t\t\t\t\t<\/div>\n\t\t<\/div>\n\t\t\t\t\t\t\t\t<\/div>\n\t\t\t\t\t<\/div>\n\t\t<\/section>\n\t\t\t\t\t\t\t\t\t<\/div>\n\t\t\t<\/div>\n\t\t\t\t\t<\/div>\n\t\t","protected":false},"excerpt":{"rendered":"<p>Misi\u00f3n LA CARRERA DE INGENIER\u00cdA EL\u00c9CTRICA TIENE POR MISI\u00d3NTRANSMITIR CONOCIMIENTOS Y FORMAR A LOS FUTUROS INGENIEROS ELECTRICISTAS DERECONOCIDA CALIDAD Y EXCELENCIA ACAD\u00c9MICA EN LOS NIVELES DE GRADO Y POSTGRADO;INNOVADORES CON CAPACIDAD DE INVESTIGACI\u00d3N, CREACI\u00d3N Y APLICACI\u00d3N DELCONOCIMIENTO, TANTO EN GENERACI\u00d3N, TRANSMISI\u00d3N, DISTRIBUCI\u00d3N Y USO FINAL DE LAENERG\u00cdA EL\u00c9CTRICA; CON VOCACI\u00d3N DE LIDERAZGO INTELECTUAL Y SOCIAL; &hellip;<\/p>\n<p class=\"read-more\"> <a class=\"\" href=\"https:\/\/electrica.umsa.edu.bo\/?page_id=2222\"> <span class=\"screen-reader-text\">Misi\u00f3n &#8211; Visi\u00f3n<\/span> Leer m\u00e1s &raquo;<\/a><\/p>\n","protected":false},"author":5,"featured_media":0,"parent":0,"menu_order":0,"comment_status":"closed","ping_status":"closed","template":"","meta":{"site-sidebar-layout":"no-sidebar","site-content-layout":"page-builder","ast-global-header-display":"","ast-banner-title-visibility":"","ast-main-header-display":"","ast-hfb-above-header-display":"","ast-hfb-below-header-display":"","ast-hfb-mobile-header-display":"","site-post-title":"disabled","ast-breadcrumbs-content":"","ast-featured-img":"disabled","footer-sml-layout":"","theme-transparent-header-meta":"default","adv-header-id-meta":"","stick-header-meta":"","header-above-stick-meta":"","header-main-stick-meta":"","header-below-stick-meta":""},"_links":{"self":[{"href":"https:\/\/electrica.umsa.edu.bo\/index.php?rest_route=\/wp\/v2\/pages\/2222"}],"collection":[{"href":"https:\/\/electrica.umsa.edu.bo\/index.php?rest_route=\/wp\/v2\/pages"}],"about":[{"href":"https:\/\/electrica.umsa.edu.bo\/index.php?rest_route=\/wp\/v2\/types\/page"}],"author":[{"embeddable":true,"href":"https:\/\/electrica.umsa.edu.bo\/index.php?rest_route=\/wp\/v2\/users\/5"}],"replies":[{"embeddable":true,"href":"https:\/\/electrica.umsa.edu.bo\/index.php?rest_route=%2Fwp%2Fv2%2Fcomments&post=2222"}],"version-history":[{"count":29,"href":"https:\/\/electrica.umsa.edu.bo\/index.php?rest_route=\/wp\/v2\/pages\/2222\/revisions"}],"predecessor-version":[{"id":2880,"href":"https:\/\/electrica.umsa.edu.bo\/index.php?rest_route=\/wp\/v2\/pages\/2222\/revisions\/2880"}],"wp:attachment":[{"href":"https:\/\/electrica.umsa.edu.bo\/index.php?rest_route=%2Fwp%2Fv2%2Fmedia&parent=2222"}],"curies":[{"name":"wp","href":"https:\/\/api.w.org\/{rel}","templated":true}]}}