{"id":2230,"date":"2023-05-18T21:37:42","date_gmt":"2023-05-19T01:37:42","guid":{"rendered":"https:\/\/electrica.umsa.edu.bo\/?page_id=2230"},"modified":"2023-07-07T12:33:08","modified_gmt":"2023-07-07T16:33:08","slug":"objetivos-2","status":"publish","type":"page","link":"https:\/\/electrica.umsa.edu.bo\/?page_id=2230","title":{"rendered":"Objetivos &#8211; Mercado Laboral"},"content":{"rendered":"\t\t<div data-elementor-type=\"wp-page\" data-elementor-id=\"2230\" class=\"elementor elementor-2230\">\n\t\t\t\t\t\t<div class=\"elementor-inner\">\n\t\t\t\t<div class=\"elementor-section-wrap\">\n\t\t\t\t\t\t\t\t\t<section class=\"elementor-section elementor-top-section elementor-element elementor-element-bf008bc elementor-section-boxed elementor-section-height-default elementor-section-height-default\" data-id=\"bf008bc\" data-element_type=\"section\">\n\t\t\t\t\t\t<div class=\"elementor-container elementor-column-gap-default\">\n\t\t\t\t\t\t\t<div class=\"elementor-row\">\n\t\t\t\t\t<div class=\"elementor-column elementor-col-100 elementor-top-column elementor-element elementor-element-871a682\" data-id=\"871a682\" data-element_type=\"column\">\n\t\t\t<div class=\"elementor-column-wrap elementor-element-populated\">\n\t\t\t\t\t\t\t<div class=\"elementor-widget-wrap\">\n\t\t\t\t\t\t\t\t<\/div>\n\t\t\t\t\t<\/div>\n\t\t<\/div>\n\t\t\t\t\t\t\t\t<\/div>\n\t\t\t\t\t<\/div>\n\t\t<\/section>\n\t\t\t\t<section class=\"elementor-section elementor-top-section elementor-element elementor-element-59c45e2 elementor-section-full_width elementor-section-content-middle elementor-section-height-default elementor-section-height-default\" data-id=\"59c45e2\" data-element_type=\"section\">\n\t\t\t\t\t\t\t<div class=\"elementor-background-overlay\"><\/div>\n\t\t\t\t\t\t\t<div class=\"elementor-container elementor-column-gap-no\">\n\t\t\t\t\t\t\t<div class=\"elementor-row\">\n\t\t\t\t\t<div class=\"elementor-column elementor-col-33 elementor-top-column elementor-element elementor-element-0c6b947\" data-id=\"0c6b947\" data-element_type=\"column\">\n\t\t\t<div class=\"elementor-column-wrap elementor-element-populated\">\n\t\t\t\t\t\t\t<div class=\"elementor-widget-wrap\">\n\t\t\t\t\t\t<div class=\"elementor-element elementor-element-072de6a elementor-widget elementor-widget-heading\" data-id=\"072de6a\" data-element_type=\"widget\" data-widget_type=\"heading.default\">\n\t\t\t\t<div class=\"elementor-widget-container\">\n\t\t\t<h3 class=\"elementor-heading-title elementor-size-default\">Nuestro Objetivo<br>General<\/h3>\t\t<\/div>\n\t\t\t\t<\/div>\n\t\t\t\t\t\t<\/div>\n\t\t\t\t\t<\/div>\n\t\t<\/div>\n\t\t\t\t<div class=\"elementor-column elementor-col-33 elementor-top-column elementor-element elementor-element-9502cf3\" data-id=\"9502cf3\" data-element_type=\"column\">\n\t\t\t<div class=\"elementor-column-wrap elementor-element-populated\">\n\t\t\t\t\t\t\t<div class=\"elementor-widget-wrap\">\n\t\t\t\t\t\t<div class=\"elementor-element elementor-element-6ad3adf elementor-widget elementor-widget-text-editor\" data-id=\"6ad3adf\" data-element_type=\"widget\" data-widget_type=\"text-editor.default\">\n\t\t\t\t<div class=\"elementor-widget-container\">\n\t\t\t\t\t\t\t\t<div class=\"elementor-text-editor elementor-clearfix\">\n\t\t\t\t<p><em><br><\/em><\/p>\n<p><em style=\"font-weight: inherit; background-color: var(--ast-global-color-5);\">TRANSMITIR CONOCIMIENTOS, DESARROLLAR HABILIDADES Y ACTITUDES AL FUTURO PROFESIONAL QUE LE PERMITAN ACTUAR CON CRITERIO, RESPONSABILIDAD Y CONOCIMIENTOS PARA DESARROLLAR NUEVAS TECNOLOG\u00cdAS O ADAPTAR LAS YA EXISTENTES, CONSIDERANDO EL AN\u00c1LISIS Y SOLUCI\u00d3N DE PROBLEMA DESDE LA PERSPECTIVA T\u00c9CNICA, ECON\u00d3MICA, SOCIAL Y EN GENERAL DE DESARROLLO PARA EL BENEFICIO DEL PA\u00cdS.<\/em><br><\/p>\n<p class=\"MsoNormal\" style=\"text-align: center;\" align=\"center\">\n<\/p><p style=\"text-align: center;\" align=\"center\">\n<\/p>\t\t\t\t\t<\/div>\n\t\t\t\t\t\t<\/div>\n\t\t\t\t<\/div>\n\t\t\t\t\t\t<\/div>\n\t\t\t\t\t<\/div>\n\t\t<\/div>\n\t\t\t\t<div class=\"elementor-column elementor-col-33 elementor-top-column elementor-element elementor-element-dc64524\" data-id=\"dc64524\" data-element_type=\"column\" data-settings=\"{&quot;background_background&quot;:&quot;classic&quot;}\">\n\t\t\t<div class=\"elementor-column-wrap\">\n\t\t\t\t\t\t\t<div class=\"elementor-widget-wrap\">\n\t\t\t\t\t\t\t\t<\/div>\n\t\t\t\t\t<\/div>\n\t\t<\/div>\n\t\t\t\t\t\t\t\t<\/div>\n\t\t\t\t\t<\/div>\n\t\t<\/section>\n\t\t\t\t<section class=\"elementor-section elementor-top-section elementor-element elementor-element-d7bd3a7 elementor-section-full_width elementor-section-content-middle elementor-section-height-default elementor-section-height-default\" data-id=\"d7bd3a7\" data-element_type=\"section\">\n\t\t\t\t\t\t\t<div class=\"elementor-background-overlay\"><\/div>\n\t\t\t\t\t\t\t<div class=\"elementor-container elementor-column-gap-no\">\n\t\t\t\t\t\t\t<div class=\"elementor-row\">\n\t\t\t\t\t<div class=\"elementor-column elementor-col-33 elementor-top-column elementor-element elementor-element-4ec187ce\" data-id=\"4ec187ce\" data-element_type=\"column\">\n\t\t\t<div class=\"elementor-column-wrap elementor-element-populated\">\n\t\t\t\t\t\t\t<div class=\"elementor-widget-wrap\">\n\t\t\t\t\t\t<div class=\"elementor-element elementor-element-4580f3a3 elementor-widget elementor-widget-heading\" data-id=\"4580f3a3\" data-element_type=\"widget\" data-widget_type=\"heading.default\">\n\t\t\t\t<div class=\"elementor-widget-container\">\n\t\t\t<h3 class=\"elementor-heading-title elementor-size-default\">Nuestros Objetivos Espec\u00edficos<\/h3>\t\t<\/div>\n\t\t\t\t<\/div>\n\t\t\t\t\t\t<\/div>\n\t\t\t\t\t<\/div>\n\t\t<\/div>\n\t\t\t\t<div class=\"elementor-column elementor-col-33 elementor-top-column elementor-element elementor-element-756e8e20\" data-id=\"756e8e20\" data-element_type=\"column\">\n\t\t\t<div class=\"elementor-column-wrap elementor-element-populated\">\n\t\t\t\t\t\t\t<div class=\"elementor-widget-wrap\">\n\t\t\t\t\t\t<div class=\"elementor-element elementor-element-2480d7b elementor-widget elementor-widget-text-editor\" data-id=\"2480d7b\" data-element_type=\"widget\" data-widget_type=\"text-editor.default\">\n\t\t\t\t<div class=\"elementor-widget-container\">\n\t\t\t\t\t\t\t\t<div class=\"elementor-text-editor elementor-clearfix\">\n\t\t\t\t<ul>\n<li><em>CAPACITAR, FORMAR, ENTRENAR Y ESPECIALIZAR PROFESIONALES ID\u00d3NEOS GRADUADOS, CON S\u00d3LIDOS CONOCIMIENTOS EN EL CAMPO DE LA GENERACI\u00d3N, DISTRIBUCI\u00d3N, TRANSMISI\u00d3N, CONTROL Y COMERCIALIZACI\u00d3N APLICABLE A LA INDUSTRIA EL\u00c9CTRICA, CARACTERIZADOS POR LA RESPONSABILIDAD LIDERAZGO Y COMPETITIVIDAD, IMPULSORES DE LA INVESTIGACI\u00d3N TECNOL\u00d3GICA Y CIENT\u00cdFICA.<\/em><\/li>\n<li><em>PRODUCIR INGENIEROS CAPACITADOS EN LA ELABORACI\u00d3N DE PROYECTOS, CONSTRUCCI\u00d3N, SUPERVISI\u00d3N, OPERACI\u00d3N Y MANTENIMIENTO DE SISTEMAS EL\u00c9CTRICOS.<\/em><\/li>\n<li><em>PROPORCIONAR INGENIEROS ELECTRICISTAS CAPACES DE REALIZAR INSTALACIONES INDUSTRIALES, CONTROL, AUTOMATIZACI\u00d3N, OPERACI\u00d3N Y MANTENIMIENTO DE SISTEMAS DE BAJA TENSI\u00d3N APLICABLES A LAS INDUSTRIAS EN GENERAL.<\/em><\/li>\n<li><em>FORTALECER LA INTERACCI\u00d3N SOCIAL APLICANDO LOS CONOCIMIENTOS ADQUIRIDOS PARA CONTRIBUIR EFECTIVAMENTE AL DESARROLLO DE NUESTRO PA\u00cdS.<\/em><\/li>\n<\/ul>\t\t\t\t\t<\/div>\n\t\t\t\t\t\t<\/div>\n\t\t\t\t<\/div>\n\t\t\t\t\t\t<\/div>\n\t\t\t\t\t<\/div>\n\t\t<\/div>\n\t\t\t\t<div class=\"elementor-column elementor-col-33 elementor-top-column elementor-element elementor-element-6fba2e2e\" data-id=\"6fba2e2e\" data-element_type=\"column\" data-settings=\"{&quot;background_background&quot;:&quot;classic&quot;}\">\n\t\t\t<div class=\"elementor-column-wrap\">\n\t\t\t\t\t\t\t<div class=\"elementor-widget-wrap\">\n\t\t\t\t\t\t\t\t<\/div>\n\t\t\t\t\t<\/div>\n\t\t<\/div>\n\t\t\t\t\t\t\t\t<\/div>\n\t\t\t\t\t<\/div>\n\t\t<\/section>\n\t\t\t\t<section class=\"elementor-section elementor-top-section elementor-element elementor-element-74a612b elementor-section-full_width elementor-section-content-middle elementor-section-height-default elementor-section-height-default\" data-id=\"74a612b\" data-element_type=\"section\">\n\t\t\t\t\t\t\t<div class=\"elementor-background-overlay\"><\/div>\n\t\t\t\t\t\t\t<div class=\"elementor-container elementor-column-gap-no\">\n\t\t\t\t\t\t\t<div class=\"elementor-row\">\n\t\t\t\t\t<div class=\"elementor-column elementor-col-33 elementor-top-column elementor-element elementor-element-5c7c5fa\" data-id=\"5c7c5fa\" data-element_type=\"column\">\n\t\t\t<div class=\"elementor-column-wrap elementor-element-populated\">\n\t\t\t\t\t\t\t<div class=\"elementor-widget-wrap\">\n\t\t\t\t\t\t<div class=\"elementor-element elementor-element-4058c4d elementor-widget elementor-widget-heading\" data-id=\"4058c4d\" data-element_type=\"widget\" data-widget_type=\"heading.default\">\n\t\t\t\t<div class=\"elementor-widget-container\">\n\t\t\t<h3 class=\"elementor-heading-title elementor-size-default\">Mercado Laboral<\/h3>\t\t<\/div>\n\t\t\t\t<\/div>\n\t\t\t\t\t\t<\/div>\n\t\t\t\t\t<\/div>\n\t\t<\/div>\n\t\t\t\t<div class=\"elementor-column elementor-col-33 elementor-top-column elementor-element elementor-element-ae59436\" data-id=\"ae59436\" data-element_type=\"column\">\n\t\t\t<div class=\"elementor-column-wrap elementor-element-populated\">\n\t\t\t\t\t\t\t<div class=\"elementor-widget-wrap\">\n\t\t\t\t\t\t<div class=\"elementor-element elementor-element-92c874f elementor-widget__width-initial elementor-widget elementor-widget-text-editor\" data-id=\"92c874f\" data-element_type=\"widget\" data-widget_type=\"text-editor.default\">\n\t\t\t\t<div class=\"elementor-widget-container\">\n\t\t\t\t\t\t\t\t<div class=\"elementor-text-editor elementor-clearfix\">\n\t\t\t\t<ul><li><em>ENCARGADO DE LAS TAREAS DE PLANIFICACION Y DISE\u00d1O DE NUEVAS INSTALACIONES EL\u00c9CTRICAS.<\/em><\/li><li><em><span style=\"font-variant-numeric: normal; font-variant-east-asian: normal; font-variant-alternates: normal; font-kerning: auto; font-optical-sizing: auto; font-feature-settings: normal; font-variation-settings: normal; font-stretch: normal; font-size: 7pt; line-height: normal; font-family: 'Times New Roman';\">\u00a0 <\/span>ENCARGADO DE LA OPERACI\u00d3N DE SISTEMAS DE GENERACI\u00d3N, TRANSMISI\u00d3N Y DISTRIBUCI\u00d3N.<\/em><\/li><li><em>ENCARGADO DE TAREAS DE MANTENIMIENTO DE INSTALACIONES EN BAJA, MEDIA Y ALTA TENSI\u00d3N, EN CUALQUIER SISTEMA INDUSTRIAL, DEBIDO A QUE EL USO DE LA ENERG\u00cdA EL\u00c9CTRICA ES IMPRESCINDIBLE EN TODO EL PROCESO INDUSTRIAL Y CRECIMIENTO NACIONAL.<\/em><\/li><li><em>ENCARGADO DE TAREAS DE COMERCIALIZACI\u00d3N Y AN\u00c1LISIS ECON\u00d3MICO DEL MERCADO EL\u00c9CTRICO MAYORISTA, DONDE LA ACTIVIDAD PRINCIPAL DEL NEGOCIO ES LA ENERG\u00cdA EL\u00c9CTRICA.<\/em><\/li><li><em>ENCARGADO DE TAREAS DE CONSTRUCCI\u00d3N Y SUPERVISI\u00d3N DE NUEVOS PROYECTOS EN INSTALACIONES RESIDENCIALES, COMERCIALES E INDUSTRIALES EN GENERAL.<\/em><\/li><li><em>ADMINISTRACI\u00d3N DE EMPRESAS EL\u00c9CTRICAS EN EL SECTOR DE GENERACI\u00d3N, TRANSMISI\u00d3N, DISTRIBUCI\u00d3N, COMERCIALIZACI\u00d3N Y DE SERVICIOS EN GENERAL.<\/em><\/li><\/ul>\t\t\t\t\t<\/div>\n\t\t\t\t\t\t<\/div>\n\t\t\t\t<\/div>\n\t\t\t\t\t\t<\/div>\n\t\t\t\t\t<\/div>\n\t\t<\/div>\n\t\t\t\t<div class=\"elementor-column elementor-col-33 elementor-top-column elementor-element elementor-element-9b20894\" data-id=\"9b20894\" data-element_type=\"column\" data-settings=\"{&quot;background_background&quot;:&quot;classic&quot;}\">\n\t\t\t<div class=\"elementor-column-wrap\">\n\t\t\t\t\t\t\t<div class=\"elementor-widget-wrap\">\n\t\t\t\t\t\t\t\t<\/div>\n\t\t\t\t\t<\/div>\n\t\t<\/div>\n\t\t\t\t\t\t\t\t<\/div>\n\t\t\t\t\t<\/div>\n\t\t<\/section>\n\t\t\t\t\t\t\t\t\t<\/div>\n\t\t\t<\/div>\n\t\t\t\t\t<\/div>\n\t\t","protected":false},"excerpt":{"rendered":"<p>Nuestro ObjetivoGeneral TRANSMITIR CONOCIMIENTOS, DESARROLLAR HABILIDADES Y ACTITUDES AL FUTURO PROFESIONAL QUE LE PERMITAN ACTUAR CON CRITERIO, RESPONSABILIDAD Y CONOCIMIENTOS PARA DESARROLLAR NUEVAS TECNOLOG\u00cdAS O ADAPTAR LAS YA EXISTENTES, CONSIDERANDO EL AN\u00c1LISIS Y SOLUCI\u00d3N DE PROBLEMA DESDE LA PERSPECTIVA T\u00c9CNICA, ECON\u00d3MICA, SOCIAL Y EN GENERAL DE DESARROLLO PARA EL BENEFICIO DEL PA\u00cdS. Nuestros Objetivos Espec\u00edficos &hellip;<\/p>\n<p class=\"read-more\"> <a class=\"\" href=\"https:\/\/electrica.umsa.edu.bo\/?page_id=2230\"> <span class=\"screen-reader-text\">Objetivos &#8211; Mercado Laboral<\/span> Leer m\u00e1s &raquo;<\/a><\/p>\n","protected":false},"author":5,"featured_media":0,"parent":0,"menu_order":0,"comment_status":"closed","ping_status":"closed","template":"","meta":{"site-sidebar-layout":"no-sidebar","site-content-layout":"page-builder","ast-global-header-display":"","ast-banner-title-visibility":"","ast-main-header-display":"","ast-hfb-above-header-display":"","ast-hfb-below-header-display":"","ast-hfb-mobile-header-display":"","site-post-title":"disabled","ast-breadcrumbs-content":"","ast-featured-img":"disabled","footer-sml-layout":"","theme-transparent-header-meta":"default","adv-header-id-meta":"","stick-header-meta":"","header-above-stick-meta":"","header-main-stick-meta":"","header-below-stick-meta":""},"_links":{"self":[{"href":"https:\/\/electrica.umsa.edu.bo\/index.php?rest_route=\/wp\/v2\/pages\/2230"}],"collection":[{"href":"https:\/\/electrica.umsa.edu.bo\/index.php?rest_route=\/wp\/v2\/pages"}],"about":[{"href":"https:\/\/electrica.umsa.edu.bo\/index.php?rest_route=\/wp\/v2\/types\/page"}],"author":[{"embeddable":true,"href":"https:\/\/electrica.umsa.edu.bo\/index.php?rest_route=\/wp\/v2\/users\/5"}],"replies":[{"embeddable":true,"href":"https:\/\/electrica.umsa.edu.bo\/index.php?rest_route=%2Fwp%2Fv2%2Fcomments&post=2230"}],"version-history":[{"count":47,"href":"https:\/\/electrica.umsa.edu.bo\/index.php?rest_route=\/wp\/v2\/pages\/2230\/revisions"}],"predecessor-version":[{"id":3442,"href":"https:\/\/electrica.umsa.edu.bo\/index.php?rest_route=\/wp\/v2\/pages\/2230\/revisions\/3442"}],"wp:attachment":[{"href":"https:\/\/electrica.umsa.edu.bo\/index.php?rest_route=%2Fwp%2Fv2%2Fmedia&parent=2230"}],"curies":[{"name":"wp","href":"https:\/\/api.w.org\/{rel}","templated":true}]}}