{"id":2648,"date":"2023-05-25T22:38:00","date_gmt":"2023-05-26T02:38:00","guid":{"rendered":"https:\/\/electrica.umsa.edu.bo\/?page_id=2648"},"modified":"2023-05-26T20:38:43","modified_gmt":"2023-05-27T00:38:43","slug":"perfil-profesional-2","status":"publish","type":"page","link":"https:\/\/electrica.umsa.edu.bo\/?page_id=2648","title":{"rendered":"Perfil Profesional"},"content":{"rendered":"\t\t<div data-elementor-type=\"wp-page\" data-elementor-id=\"2648\" class=\"elementor elementor-2648\">\n\t\t\t\t\t\t<div class=\"elementor-inner\">\n\t\t\t\t<div class=\"elementor-section-wrap\">\n\t\t\t\t\t\t\t\t\t<section class=\"elementor-section elementor-top-section elementor-element elementor-element-cab9feb elementor-section-boxed elementor-section-height-default elementor-section-height-default\" data-id=\"cab9feb\" data-element_type=\"section\">\n\t\t\t\t\t\t<div class=\"elementor-container elementor-column-gap-default\">\n\t\t\t\t\t\t\t<div class=\"elementor-row\">\n\t\t\t\t\t<div class=\"elementor-column elementor-col-100 elementor-top-column elementor-element elementor-element-2024d5a\" data-id=\"2024d5a\" data-element_type=\"column\">\n\t\t\t<div class=\"elementor-column-wrap elementor-element-populated\">\n\t\t\t\t\t\t\t<div class=\"elementor-widget-wrap\">\n\t\t\t\t\t\t\t\t<\/div>\n\t\t\t\t\t<\/div>\n\t\t<\/div>\n\t\t\t\t\t\t\t\t<\/div>\n\t\t\t\t\t<\/div>\n\t\t<\/section>\n\t\t\t\t<section class=\"elementor-section elementor-top-section elementor-element elementor-element-2a36966 elementor-section-boxed elementor-section-height-default elementor-section-height-default\" data-id=\"2a36966\" data-element_type=\"section\">\n\t\t\t\t\t\t<div class=\"elementor-container elementor-column-gap-default\">\n\t\t\t\t\t\t\t<div class=\"elementor-row\">\n\t\t\t\t\t<div class=\"elementor-column elementor-col-100 elementor-top-column elementor-element elementor-element-cadc655\" data-id=\"cadc655\" data-element_type=\"column\">\n\t\t\t<div class=\"elementor-column-wrap\">\n\t\t\t\t\t\t\t<div class=\"elementor-widget-wrap\">\n\t\t\t\t\t\t\t\t<\/div>\n\t\t\t\t\t<\/div>\n\t\t<\/div>\n\t\t\t\t\t\t\t\t<\/div>\n\t\t\t\t\t<\/div>\n\t\t<\/section>\n\t\t\t\t<section class=\"elementor-section elementor-top-section elementor-element elementor-element-c99b59a elementor-section-full_width elementor-section-content-middle elementor-section-height-default elementor-section-height-default\" data-id=\"c99b59a\" data-element_type=\"section\">\n\t\t\t\t\t\t\t<div class=\"elementor-background-overlay\"><\/div>\n\t\t\t\t\t\t\t<div class=\"elementor-container elementor-column-gap-no\">\n\t\t\t\t\t\t\t<div class=\"elementor-row\">\n\t\t\t\t\t<div class=\"elementor-column elementor-col-33 elementor-top-column elementor-element elementor-element-489c3e8\" data-id=\"489c3e8\" data-element_type=\"column\">\n\t\t\t<div class=\"elementor-column-wrap elementor-element-populated\">\n\t\t\t\t\t\t\t<div class=\"elementor-widget-wrap\">\n\t\t\t\t\t\t<div class=\"elementor-element elementor-element-b9b88e7 elementor-widget elementor-widget-heading\" data-id=\"b9b88e7\" data-element_type=\"widget\" data-widget_type=\"heading.default\">\n\t\t\t\t<div class=\"elementor-widget-container\">\n\t\t\t<h3 class=\"elementor-heading-title elementor-size-default\">Perfil Profesional<\/h3>\t\t<\/div>\n\t\t\t\t<\/div>\n\t\t\t\t\t\t<\/div>\n\t\t\t\t\t<\/div>\n\t\t<\/div>\n\t\t\t\t<div class=\"elementor-column elementor-col-33 elementor-top-column elementor-element elementor-element-053de7e\" data-id=\"053de7e\" data-element_type=\"column\">\n\t\t\t<div class=\"elementor-column-wrap elementor-element-populated\">\n\t\t\t\t\t\t\t<div class=\"elementor-widget-wrap\">\n\t\t\t\t\t\t<div class=\"elementor-element elementor-element-4efcfbe elementor-widget elementor-widget-text-editor\" data-id=\"4efcfbe\" data-element_type=\"widget\" data-widget_type=\"text-editor.default\">\n\t\t\t\t<div class=\"elementor-widget-container\">\n\t\t\t\t\t\t\t\t<div class=\"elementor-text-editor elementor-clearfix\">\n\t\t\t\t<p class=\"MsoNormal\" style=\"text-align: center;\" align=\"center\"><span style=\"font-family: 'Calibri Light',sans-serif; mso-ascii-theme-font: major-latin; mso-hansi-theme-font: major-latin; mso-bidi-theme-font: major-latin; mso-ansi-language: ES-BO;\"><strong><em>\u201cEL INGENIERO ELECTRICISTA EGRESADO Y TITULADO DE LA UNIVERSIDAD MAYOR DE SAN ANDR\u00c9S (UMSA), ES UN PROFESIONAL PREPARADO CON CONOCIMIENTOS, DESTREZAS Y HABILIDADES PARA PLANIFICAR, DISE\u00d1AR, CONSTRUIR, INSTALAR, OPERAR, MANTENER Y ADMINISTRAR, SISTEMAS EL\u00c9CTRICOS; DESDE LA GENERACI\u00d3N, TRANSMISI\u00d3N, DISTRIBUCI\u00d3N HASTA EL USO FINAL DE LA ENERG\u00cdA EL\u00c9CTRICA; SEA QUE LA ENERG\u00cdA EL\u00c9CTRICA SEA PROCEDENTE DE RECURSOS NO RENOVABLES Y\/O RENOVABLES. ASIMISMO, PREPARADO EN EL MANEJO DE PROGRAMAS INFORM\u00c1TICOS CON APLICACIONES DE SISTEMAS EL\u00c9CTRICOS, COMO SER: INSTALACIONES EL\u00c9CTRICAS, LUMINOTECNIA, MEDICI\u00d3N DE ENERG\u00cdA, SISTEMAS EL\u00c9CTRICOS DE POTENCIA, REDES EL\u00c9CTRICAS, ETC. TODO ESTO EN UN MARCO DE RELACI\u00d3N INTERPERSONAL CON: LIDERAZGO, BUENA COMUNICACI\u00d3N, \u00c9TICA, RESPONSABILIDAD, HONESTIDAD Y BUENOS VALORES, PARA CONTRIBUIR OBJETIVAMENTE EN EL DESARROLLO SOCIOECON\u00d3MICO DEL PA\u00cdS.\u201d<\/em><\/strong><b><\/b><\/span><\/p>\t\t\t\t\t<\/div>\n\t\t\t\t\t\t<\/div>\n\t\t\t\t<\/div>\n\t\t\t\t\t\t<\/div>\n\t\t\t\t\t<\/div>\n\t\t<\/div>\n\t\t\t\t<div class=\"elementor-column elementor-col-33 elementor-top-column elementor-element elementor-element-3dea7ae\" data-id=\"3dea7ae\" data-element_type=\"column\" data-settings=\"{&quot;background_background&quot;:&quot;classic&quot;}\">\n\t\t\t<div class=\"elementor-column-wrap\">\n\t\t\t\t\t\t\t<div class=\"elementor-widget-wrap\">\n\t\t\t\t\t\t\t\t<\/div>\n\t\t\t\t\t<\/div>\n\t\t<\/div>\n\t\t\t\t\t\t\t\t<\/div>\n\t\t\t\t\t<\/div>\n\t\t<\/section>\n\t\t\t\t\t\t\t\t\t<\/div>\n\t\t\t<\/div>\n\t\t\t\t\t<\/div>\n\t\t","protected":false},"excerpt":{"rendered":"<p>Perfil Profesional \u201cEL INGENIERO ELECTRICISTA EGRESADO Y TITULADO DE LA UNIVERSIDAD MAYOR DE SAN ANDR\u00c9S (UMSA), ES UN PROFESIONAL PREPARADO CON CONOCIMIENTOS, DESTREZAS Y HABILIDADES PARA PLANIFICAR, DISE\u00d1AR, CONSTRUIR, INSTALAR, OPERAR, MANTENER Y ADMINISTRAR, SISTEMAS EL\u00c9CTRICOS; DESDE LA GENERACI\u00d3N, TRANSMISI\u00d3N, DISTRIBUCI\u00d3N HASTA EL USO FINAL DE LA ENERG\u00cdA EL\u00c9CTRICA; SEA QUE LA ENERG\u00cdA EL\u00c9CTRICA SEA &hellip;<\/p>\n<p class=\"read-more\"> <a class=\"\" href=\"https:\/\/electrica.umsa.edu.bo\/?page_id=2648\"> <span class=\"screen-reader-text\">Perfil Profesional<\/span> Leer m\u00e1s &raquo;<\/a><\/p>\n","protected":false},"author":9,"featured_media":0,"parent":0,"menu_order":0,"comment_status":"closed","ping_status":"closed","template":"","meta":{"site-sidebar-layout":"no-sidebar","site-content-layout":"page-builder","ast-global-header-display":"","ast-banner-title-visibility":"","ast-main-header-display":"","ast-hfb-above-header-display":"","ast-hfb-below-header-display":"","ast-hfb-mobile-header-display":"","site-post-title":"disabled","ast-breadcrumbs-content":"","ast-featured-img":"disabled","footer-sml-layout":"","theme-transparent-header-meta":"default","adv-header-id-meta":"","stick-header-meta":"","header-above-stick-meta":"","header-main-stick-meta":"","header-below-stick-meta":""},"_links":{"self":[{"href":"https:\/\/electrica.umsa.edu.bo\/index.php?rest_route=\/wp\/v2\/pages\/2648"}],"collection":[{"href":"https:\/\/electrica.umsa.edu.bo\/index.php?rest_route=\/wp\/v2\/pages"}],"about":[{"href":"https:\/\/electrica.umsa.edu.bo\/index.php?rest_route=\/wp\/v2\/types\/page"}],"author":[{"embeddable":true,"href":"https:\/\/electrica.umsa.edu.bo\/index.php?rest_route=\/wp\/v2\/users\/9"}],"replies":[{"embeddable":true,"href":"https:\/\/electrica.umsa.edu.bo\/index.php?rest_route=%2Fwp%2Fv2%2Fcomments&post=2648"}],"version-history":[{"count":6,"href":"https:\/\/electrica.umsa.edu.bo\/index.php?rest_route=\/wp\/v2\/pages\/2648\/revisions"}],"predecessor-version":[{"id":3150,"href":"https:\/\/electrica.umsa.edu.bo\/index.php?rest_route=\/wp\/v2\/pages\/2648\/revisions\/3150"}],"wp:attachment":[{"href":"https:\/\/electrica.umsa.edu.bo\/index.php?rest_route=%2Fwp%2Fv2%2Fmedia&parent=2648"}],"curies":[{"name":"wp","href":"https:\/\/api.w.org\/{rel}","templated":true}]}}